{"id":565,"date":"2021-12-28T12:16:42","date_gmt":"2021-12-28T12:16:42","guid":{"rendered":"https:\/\/mtlprojects.es\/politica-de-cookies\/"},"modified":"2022-09-13T10:32:25","modified_gmt":"2022-09-13T10:32:25","slug":"politica-de-cookies","status":"publish","type":"page","link":"https:\/\/mtlprojects.es\/ca\/politica-de-cookies\/","title":{"rendered":"Pol\u00edtica de cookies"},"content":{"rendered":"<p><div class=\"fusion-fullwidth fullwidth-box fusion-builder-row-1 fusion-flex-container nonhundred-percent-fullwidth non-hundred-percent-height-scrolling\" style=\"--awb-border-radius-top-left:0px;--awb-border-radius-top-right:0px;--awb-border-radius-bottom-right:0px;--awb-border-radius-bottom-left:0px;--awb-flex-wrap:wrap;\" ><div class=\"fusion-builder-row fusion-row fusion-flex-align-items-flex-start fusion-flex-content-wrap\" style=\"max-width:1248px;margin-left: calc(-4% \/ 2 );margin-right: calc(-4% \/ 2 );\"><div class=\"fusion-layout-column fusion_builder_column fusion-builder-column-0 fusion_builder_column_1_1 1_1 fusion-flex-column\" style=\"--awb-bg-size:cover;--awb-width-large:100%;--awb-margin-top-large:0px;--awb-spacing-right-large:1.92%;--awb-margin-bottom-large:20px;--awb-spacing-left-large:1.92%;--awb-width-medium:100%;--awb-order-medium:0;--awb-spacing-right-medium:1.92%;--awb-spacing-left-medium:1.92%;--awb-width-small:100%;--awb-order-small:0;--awb-spacing-right-small:1.92%;--awb-spacing-left-small:1.92%;\"><div class=\"fusion-column-wrapper fusion-column-has-shadow fusion-flex-justify-content-flex-start fusion-content-layout-column\"><div class=\"fusion-text fusion-text-1\" style=\"--awb-text-transform:none;\"><h1>POL\u00cdTICA DE COOKIES<\/h1>\n<p><strong>DESCRIPCI\u00d3 I FINALITAT<\/strong><\/p>\n<p>Les Cookies s\u00f3n fitxers de dades creats pel lloc Web i emmagatzemats pr\u00e8via acceptaci\u00f3 de l&#8217;usuari en el navegador o en el seu dispositiu durant el recorregut per les p\u00e0gines o per l&#8217;aplicaci\u00f3, i serveixen per emmagatzemar informaci\u00f3 sobre la visita. Com la majoria dels llocs en Internet, els portals web han de:<\/p>\n<ul>\n<li>Assegurar que les p\u00e0gines Web poden funcionar correctament.<\/li>\n<li>Emmagatzemar les prefer\u00e8ncies, com l&#8217;idioma seleccionat o la grand\u00e0ria de lletra.<\/li>\n<li>Con\u00e8ixer l&#8217;experi\u00e8ncia de navegaci\u00f3.<\/li>\n<li>Recopilar informaci\u00f3 estad\u00edstica an\u00f2nima, com les p\u00e0gines que s&#8217;han visitat o el temps que ha durat la connexi\u00f3.<\/li>\n<\/ul>\n<p>L&#8217;\u00fas de Cookies ens permet optimitzar la navegaci\u00f3, adaptant la informaci\u00f3 i els serveis oferts als interessos de l&#8217;usuari, per proporcionar una millor experi\u00e8ncia sempre que visiti la p\u00e0gina.<\/p>\n<p>Les Cookies s&#8217;associen \u00fanicament a un usuari an\u00f2nim i el seu ordinador\/dispositiu i no proporcionen refer\u00e8ncies que permetin con\u00e8ixer dades personals. A tot moment, l&#8217;usuari podr\u00e0 accedir a la configuraci\u00f3 del seu navegador per modificar i\/o bloquejar la instal\u00b7laci\u00f3 de les Cookies enviades pels llocs Web de www.mtlprojects.es. Els usuaris que completin el proc\u00e9s de registre o hagin iniciat sessi\u00f3 amb les seves dades d&#8217;acc\u00e9s podran accedir a serveis personalitzats i adaptats a les seves prefer\u00e8ncies segons la informaci\u00f3 personal subministrada al moment del registre i l&#8217;emmagatzemada en la Cookie del seu navegador.<\/p>\n<p>Google Analytics emmagatzema cookies per poder elaborar estad\u00edstiques sobre el tr\u00e0fic i volum de visites d&#8217;aquesta Web. En utilitzar aquest lloc Web est\u00e0 consentint el tractament d&#8217;informaci\u00f3 sobre vost\u00e8 per Google. Per tant, l&#8217;exercici de qualsevol dret en aquest sentit haur\u00e0 de fer-ho comunicant directament amb Google. Les cookies de Google Analytics, s&#8217;emmagatzemen en servidors situats als Estats Units i es compromet a no compartir-la amb tercers, excepte en els casos en els quals sigui necessari per al funcionament del sistema o quan la llei obligui a aquest efecte. Segons Google, no guarda la seva adre\u00e7a IP.<\/p>\n<p>Google Inc. \u00e9s una companyia adherida a \u201cPrivacy Shield\u201d (escut de privadesa) que garanteix que totes les dades transferides seran tractades amb un nivell de protecci\u00f3 concorde a la normativa europea. Pot consultar informaci\u00f3 detallada referent a aix\u00f2 a trav\u00e9s del seg\u00fcent enlla\u00e7:<\/p>\n<p><a href=\"https:\/\/support.google.com\/analytics\/answer\/6004245\" target=\"_blank\" rel=\"noopener\">https:\/\/support.google.com\/analytics\/answer\/6004245<\/a><\/p>\n<p>Si ho desitja pot utilitzar el Complement d&#8217;inhabilitaci\u00f3 per a navegadors de Google Analytics a trav\u00e9s de les instruccions dels quals poden rebutjar-se les cookies anal\u00edtiques d&#8217;aquest servei en tots els navegadors.<\/p>\n<p>Pot consultar m\u00e9s informaci\u00f3 sobre aquest tema al seg\u00fcent enlla\u00e7:<\/p>\n<p><a href=\"https:\/\/tools.google.com\/dlpage\/gaoptout\" target=\"_blank\" rel=\"noopener\">https:\/\/tools.google.com\/dlpage\/gaoptout<\/a><\/p>\n<p><strong>UTILITAT<\/strong><\/p>\n<ul>\n<li>Des d&#8217;un punt de vista t\u00e8cnic, permeten que els llocs web funcionin de forma m\u00e9s \u00e0gil i adaptada a les prefer\u00e8ncies dels usuaris, com per exemple emmagatzemar l&#8217;idioma, la moneda del pa\u00eds o detectar el dispositiu d&#8217;acc\u00e9s.<\/li>\n<li>Estableixen nivells de protecci\u00f3 i seguretat que impedeixen o dificulten ciberatacs contra el lloc Web o els seus usuaris.<\/li>\n<li>Permeten que els gestors dels mitjans puguin con\u00e8ixer dades estad\u00edstiques recopilades en les Cookies per millorar la qualitat i experi\u00e8ncia dels seus serveis.<\/li>\n<li>Serveixen per optimitzar la publicitat que es mostra als usuaris, oferint la que m\u00e9s s&#8217;ajusta als seus interessos.<\/li>\n<\/ul>\n<p><strong>TIPUS DE COOKIES<\/strong><\/p>\n<p><strong>SEGONS L\u2019ENTITAT QUE LES GESTIONI<\/strong><\/p>\n<ul>\n<li><strong>Cookies pr\u00f2pies:<\/strong> S\u00f3n aquelles que es recapten pel propi editor per prestar el servei sol\u00b7licitat per l&#8217;usuari.<\/li>\n<li><strong>Cookies de tercer:<\/strong> S\u00f3n aquelles que s\u00f3n recaptades i gestionades per un tercer, aquestes no es poden considerar pr\u00f2pies.<\/li>\n<\/ul>\n<p><strong>SEGONS EL TERMINI DE TEMPS QUE ROMANGUIN ACTIVADES<\/strong><\/p>\n<ul>\n<li><strong>Cookies de sessi\u00f3:<\/strong> Recapten dades mentre l&#8217;usuari navega per la xarxa amb la finalitat de prestar el servei sol\u00b7licitat.<\/li>\n<li><strong>Cookies persistents:<\/strong> S&#8217;emmagatzemen en el terminal i la informaci\u00f3 obtinguda, ser\u00e0 utilitzada pel responsable de la cookie amb la finalitat de prestar el servei sol\u00b7licitat.<\/li>\n<\/ul>\n<p><strong>SEGONS LA SEVA FINALITAT<\/strong><\/p>\n<ul>\n<li><strong>Cookies t\u00e8cniques:<\/strong> S\u00f3n les necess\u00e0ries per a la correcta navegaci\u00f3 del lloc web.<\/li>\n<li><strong>Cookies de personalitzaci\u00f3:<\/strong> Permeten a l&#8217;usuari les caracter\u00edstiques (idioma) per a la navegaci\u00f3 per la website.<\/li>\n<li><strong>Cookies d\u2019an\u00e0lisis:<\/strong> Permeten al prestador l&#8217;an\u00e0lisi vinculada a la navegaci\u00f3 realitzada per l&#8217;usuari, amb la finalitat de portar un seguiment d&#8217;\u00fas de la p\u00e0gina web, aix\u00ed com realitzar estad\u00edstiques dels continguts m\u00e9s visitats, nombre de visitants, etc.<\/li>\n<li><strong>Cookies publicit\u00e0ries:<\/strong> Permeten a l&#8217;editor incloure a la web, espais publicitaris, segons el contingut de la pr\u00f2pia web.<\/li>\n<li><strong>Cookies de publicitat comportamental:<\/strong> Permeten a l&#8217;editor incloure a la p\u00e0gina web espais publicitaris segons la informaci\u00f3 obtinguda a trav\u00e9s dels h\u00e0bits de navegaci\u00f3 de l&#8217;usuari.<\/li>\n<\/ul>\n<\/div><\/div><\/div><\/div><\/div><div class=\"fusion-fullwidth fullwidth-box fusion-builder-row-2 fusion-flex-container nonhundred-percent-fullwidth non-hundred-percent-height-scrolling fusion-no-small-visibility\" style=\"--awb-border-radius-top-left:0px;--awb-border-radius-top-right:0px;--awb-border-radius-bottom-right:0px;--awb-border-radius-bottom-left:0px;--awb-flex-wrap:wrap;\" ><div class=\"fusion-builder-row fusion-row fusion-flex-align-items-flex-start fusion-flex-content-wrap\" style=\"max-width:1248px;margin-left: calc(-4% \/ 2 );margin-right: calc(-4% \/ 2 );\"><div class=\"fusion-layout-column fusion_builder_column fusion-builder-column-1 fusion_builder_column_1_1 1_1 fusion-flex-column\" style=\"--awb-bg-size:cover;--awb-width-large:100%;--awb-margin-top-large:0px;--awb-spacing-right-large:1.92%;--awb-margin-bottom-large:20px;--awb-spacing-left-large:1.92%;--awb-width-medium:100%;--awb-order-medium:0;--awb-spacing-right-medium:1.92%;--awb-spacing-left-medium:1.92%;--awb-width-small:100%;--awb-order-small:0;--awb-spacing-right-small:1.92%;--awb-spacing-left-small:1.92%;\"><div class=\"fusion-column-wrapper fusion-column-has-shadow fusion-flex-justify-content-flex-start fusion-content-layout-column\"><div class=\"fusion-text fusion-text-2\" style=\"--awb-text-transform:none;\"><table>\n<tbody>\n<tr>\n<td colspan=\"6\"><strong>Relaci\u00f3 de cookies utilitzades en el domini<\/strong>\u00a0www.mtlprojects.es<\/td>\n<\/tr>\n<tr>\n<td style=\"text-align: center;\" colspan=\"6\"><strong>COOKIES DE TERCERS<\/strong><\/td>\n<\/tr>\n<tr>\n<td style=\"text-align: center;\"><strong>Servidor des del qual s&#8217;envia<\/strong><\/td>\n<td style=\"text-align: center;\"><strong>Nom<\/strong><\/td>\n<td style=\"text-align: center;\"><strong>Prove\u00efdor<\/strong><\/td>\n<td style=\"text-align: center;\"><strong>Finalitat<\/strong><\/td>\n<td style=\"text-align: center;\"><strong>Caducitat<\/strong><\/td>\n<td style=\"text-align: center;\"><strong>Exclosa\/No Exclosa (del deure de la informaci\u00f3 i consentiment)<\/strong><\/td>\n<\/tr>\n<tr>\n<td>.google.com<\/td>\n<td>_ga<\/td>\n<td>Google Analytics<\/td>\n<td>Anal\u00edtica (servei Google Analytics): S&#8217;usa per a distingir als usuaris. Utilitzem <span class=\"hiddenGrammarError\">cookies<\/span> de Google Analytics embegudes en el nostre lloc web per a recopilar informaci\u00f3 sobre com els visitants naveguen en el nostre lloc web. Fem servir la informaci\u00f3 per a elaborar informes i ajudar a millorar el lloc.<\/p>\n<p>Les <span class=\"hiddenGrammarError\">cookies<\/span> recopilen informaci\u00f3 de manera an\u00f2nima, incloent-hi el nombre de visitants, d&#8217;on venen i les p\u00e0gines que han visitat en la nostra web.<\/td>\n<td>Persistent (dos anys)<\/td>\n<td>NO<\/td>\n<\/tr>\n<tr>\n<td>.google.com<\/td>\n<td>_gat<\/td>\n<td>Google Analytics<\/td>\n<td>Anal\u00edtica (servei Google Analytics): S&#8217;usa per a limitar el percentatge de sol\u00b7licituds. Utilitzem <span class=\"hiddenGrammarError\">cookies<\/span> de Google Analytics embegudes en el nostre lloc web per a recopilar informaci\u00f3 sobre com els visitants naveguen en el nostre lloc web. Fem servir la informaci\u00f3 per a elaborar informes i ajudar a millorar el lloc.<\/p>\n<p>Les <span class=\"hiddenGrammarError\">cookies<\/span> recopilen informaci\u00f3 de manera an\u00f2nima, incloent-hi el nombre de visitants, d&#8217;on venen i les p\u00e0gines que han visitat en la nostra web.<\/td>\n<td>Persistent (10 minuts)<\/td>\n<td>NO<\/td>\n<\/tr>\n<tr>\n<td>.google.com<\/td>\n<td>_gid<\/td>\n<td>Google Analytics<\/td>\n<td>Anal\u00edtica (servei Google Analytics): S&#8217;usa per a distingir als usuaris. Utilitzem <span class=\"hiddenGrammarError\">cookies<\/span> de Google Analytics embegudes en el nostre lloc web per a recopilar informaci\u00f3 sobre com els visitants naveguen en el nostre lloc web.<\/p>\n<p>Fem servir la informaci\u00f3 per a elaborar informes i ajudar a millorar el lloc. Les <span class=\"hiddenGrammarError\">cookies<\/span> recopilen informaci\u00f3 de manera an\u00f2nima, incloent-hi el nombre de visitants, d&#8217;on venen i les p\u00e0gines que han visitat en la nostra web.<\/td>\n<td>Persistent (1 dia)<\/td>\n<td>NO<\/td>\n<\/tr>\n<tr>\n<td>.google.com<\/td>\n<td>rc::a \/ rc::d-#<\/td>\n<td>Google<\/td>\n<td>Google reCAPTCHA utilitza aquestes cookies per a distingir entre humans i bots. Aix\u00f2 \u00e9s benefici\u00f3s per al lloc web, tant per a filtrar possibles accions de bots com per a realitzar informes v\u00e0lids sobre l\u2019\u00fas del lloc web.<\/td>\n<td>Persistent<\/td>\n<td>NO<\/td>\n<\/tr>\n<tr>\n<td>.google.com<\/td>\n<td>rc::b \/ rc::c<\/td>\n<td>Google<\/td>\n<td>Google reCAPTCHA utilitza aquestes cookies per a distingir entre humans i bots.<\/td>\n<td>De sessi\u00f3<\/td>\n<td>NO<\/td>\n<\/tr>\n<tr>\n<td>.google.com<\/td>\n<td>_GRECAPTCHA<\/td>\n<td>Google<\/td>\n<td>Google reCAPTCHA utilitza aquestes cookies per a distingir entre humans i bots.<\/td>\n<td>179 dies<\/td>\n<td>NO<\/td>\n<\/tr>\n<tr>\n<td>.google.com<\/td>\n<td>_grecaptcha<\/td>\n<td>Google<\/td>\n<td>Google reCAPTCHA utilitza aquestes cookies per a distingir entre humans i bots.<\/td>\n<td>Persistent<\/td>\n<td>NO<\/td>\n<\/tr>\n<tr>\n<td style=\"text-align: center;\" colspan=\"6\"><strong>COOKIES PR\u00d2PIES<\/strong><\/td>\n<\/tr>\n<tr>\n<td>.mtlprojects.es<\/td>\n<td>cmplz_policy_id, cmplz_banner_status<\/td>\n<td><\/td>\n<td>Cookies t\u00e8cniques emprades per emmagatzemar l\u2019estat de consentiment de cookies de l\u2019usuari per al domini actual.<\/td>\n<td>Persistente (1 a\u00f1o)<\/td>\n<td>SI<\/td>\n<\/tr>\n<tr>\n<td>.mtlprojects.es<\/td>\n<td>cmplz_consented_services,\u00a0 cmplz_functional, cmplz_marketing, cmplz_preferences, cmplz_statistics<\/td>\n<td><\/td>\n<td>Cookies t\u00e8cniques emprades per emmagatzemar les prefer\u00e8ncies de consentiment de cookies de l\u2019usuari per al domini actual.<\/td>\n<td>30 dies<\/td>\n<td>SI<\/td>\n<\/tr>\n<\/tbody>\n<\/table>\n<\/div><\/div><\/div><\/div><\/div><div class=\"fusion-fullwidth fullwidth-box fusion-builder-row-3 fusion-flex-container nonhundred-percent-fullwidth non-hundred-percent-height-scrolling fusion-no-medium-visibility fusion-no-large-visibility\" style=\"--awb-border-radius-top-left:0px;--awb-border-radius-top-right:0px;--awb-border-radius-bottom-right:0px;--awb-border-radius-bottom-left:0px;--awb-flex-wrap:wrap;\" ><div class=\"fusion-builder-row fusion-row fusion-flex-align-items-flex-start fusion-flex-content-wrap\" style=\"max-width:1248px;margin-left: calc(-4% \/ 2 );margin-right: calc(-4% \/ 2 );\"><div class=\"fusion-layout-column fusion_builder_column fusion-builder-column-2 fusion_builder_column_1_1 1_1 fusion-flex-column\" style=\"--awb-bg-size:cover;--awb-width-large:100%;--awb-margin-top-large:0px;--awb-spacing-right-large:1.92%;--awb-margin-bottom-large:20px;--awb-spacing-left-large:1.92%;--awb-width-medium:100%;--awb-order-medium:0;--awb-spacing-right-medium:1.92%;--awb-spacing-left-medium:1.92%;--awb-width-small:100%;--awb-order-small:0;--awb-spacing-right-small:1.92%;--awb-spacing-left-small:1.92%;\"><div class=\"fusion-column-wrapper fusion-column-has-shadow fusion-flex-justify-content-flex-start fusion-content-layout-column\"><div class=\"fusion-text fusion-text-3\" style=\"--awb-text-transform:none;\"><p><strong>Cookies pr\u00f2pies<\/strong><\/p>\n<ul>\n<li><strong>cmplz_policy_id, cmplz_banner_status<\/strong><br \/>\nServidor des del qual s&#8217;envia: .mtlprojects.es<br \/>\nFinalitat: Cookies t\u00e8cniques emprades per emmagatzemar l\u2019estat de consentiment de cookies de l\u2019usuari per al domini actual.<br \/>\nExpira: a l&#8217;any<\/li>\n<li><strong>cmplz_consented_services,\u00a0 cmplz_functional, cmplz_marketing, cmplz_preferences, cmplz_statistics<\/strong><br \/>\nServidor des del qual s&#8217;envia: .mtlprojects.es<br \/>\nFinalitat: Cookies t\u00e8cniques emprades per emmagatzemar les prefer\u00e8ncies de consentiment de cookies de l\u2019usuari per al domini actual.<br \/>\nExpira: als 30 dies<\/li>\n<\/ul>\n<p><strong>Cookies de tercers\u00a0<\/strong><\/p>\n<ul>\n<li><b>_ga<\/b><br \/>\nServidor des del qual s&#8217;envia: .google.com<br \/>\nFinalitat: Anal\u00edtica (servei Google Analytics): S\u2019usa per a distingir als usuaris. Utilitzem\u00a0<span class=\"hiddenGrammarError\">cookies<\/span> de Google Analytics embegudes en el nostre lloc web per a recopilar informaci\u00f3 sobre com els visitants naveguen en el nostre lloc web. Fem servir la informaci\u00f3 per a elaborar informes i ajudar a millorar el lloc.<br \/>\nLes <span class=\"hiddenGrammarError\">cookies<\/span> recopilen informaci\u00f3 de manera an\u00f2nima, incloent-hi el nombre de visitants, d\u2019on venen i les p\u00e0gines que han visitat en la nostra web.<br \/>\nExpira: als 2 anyos<\/li>\n<li><b>_gat<\/b><br \/>\nServidor des del qual s&#8217;envia: .google.com<br \/>\nFinalitat: Anal\u00edtica (servei Google Analytics): S\u2019usa per a limitar el percentatge de sol\u00b7licituds. Utilitzem\u00a0<span class=\"hiddenGrammarError\">cookies<\/span> de Google Analytics embegudes en el nostre lloc web per a recopilar informaci\u00f3 sobre com els visitants naveguen en el nostre lloc web. Fem servir la informaci\u00f3 per a elaborar informes i ajudar a millorar el lloc.<br \/>\nLes\u00a0<span class=\"hiddenGrammarError\">cookies<\/span> recopilen informaci\u00f3 de manera an\u00f2nima, incloent-hi el nombre de visitants, d\u2019on venen i les p\u00e0gines que han visitat en la nostra web.<br \/>\nExpira: al finalitzar la sessi\u00f3<\/li>\n<li><b>_gid<\/b><br \/>\nServidor des del qual s&#8217;envia: .google.com<br \/>\nFinalitat: Anal\u00edtica (servei Google Analytics): S\u2019usa per a distingir als usuaris. Utilitzem\u00a0<span class=\"hiddenGrammarError\">cookies<\/span> de Google Analytics embegudes en el nostre lloc web per a recopilar informaci\u00f3 sobre com els visitants naveguen en el nostre lloc web.<br \/>\nFem servir la informaci\u00f3 per a elaborar informes i ajudar a millorar el lloc. Les\u00a0<span class=\"hiddenGrammarError\">cookies<\/span> recopilen informaci\u00f3 de manera an\u00f2nima, incloent-hi el nombre de visitants, d\u2019on venen i les p\u00e0gines que han visitat en la nostra web.<br \/>\nExpira: a les 24 hores<\/li>\n<li><strong>rc::a \/ rc::d-#<\/strong><br \/>\nServidor des del qual s&#8217;envia: .google.com<br \/>\nFinalitat: Google reCAPTCHA utilitza aquestes cookies per a distingir entre humans i bots. Aix\u00f2 \u00e9s benefici\u00f3s per al lloc web, tant per a filtrar possibles accions de bots com per a realitzar informes v\u00e0lids sobre l\u2019\u00fas del lloc web.<br \/>\nExpira: Persistent<\/li>\n<li><b>rc::b \/ rc::c<\/b><br \/>\nServidor des del qual s&#8217;envia: .google.com<br \/>\nFinalitat: Google reCAPTCHA utilitza aquestes cookies per a distingir entre humans i bots.<br \/>\nExpira: al finalitzar la sessi\u00f3<\/li>\n<li><strong>_GRECAPTCHA<br \/>\n<\/strong>Servidor des del qual s&#8217;envia: .google.com<br \/>\nFinalitat: Google reCAPTCHA utilitza aquestes cookies per a distingir entre humans i bots.<br \/>\nExpira: als 179 dies<\/li>\n<li><strong>_grecaptcha<\/strong><br \/>\nServidor des del qual s&#8217;envia: .google.com<br \/>\nFinalitat: Google reCAPTCHA utilitza aquestes cookies per a distingir entre humans i bots.<br \/>\nExpira: Persistent<\/li>\n<\/ul>\n<\/div><\/div><\/div><\/div><\/div><\/p>\n","protected":false},"excerpt":{"rendered":"","protected":false},"author":1,"featured_media":0,"parent":0,"menu_order":0,"comment_status":"closed","ping_status":"closed","template":"","meta":{"footnotes":""},"class_list":["post-565","page","type-page","status-publish","hentry"],"aioseo_notices":[],"_links":{"self":[{"href":"https:\/\/mtlprojects.es\/ca\/wp-json\/wp\/v2\/pages\/565","targetHints":{"allow":["GET"]}}],"collection":[{"href":"https:\/\/mtlprojects.es\/ca\/wp-json\/wp\/v2\/pages"}],"about":[{"href":"https:\/\/mtlprojects.es\/ca\/wp-json\/wp\/v2\/types\/page"}],"author":[{"embeddable":true,"href":"https:\/\/mtlprojects.es\/ca\/wp-json\/wp\/v2\/users\/1"}],"replies":[{"embeddable":true,"href":"https:\/\/mtlprojects.es\/ca\/wp-json\/wp\/v2\/comments?post=565"}],"version-history":[{"count":0,"href":"https:\/\/mtlprojects.es\/ca\/wp-json\/wp\/v2\/pages\/565\/revisions"}],"wp:attachment":[{"href":"https:\/\/mtlprojects.es\/ca\/wp-json\/wp\/v2\/media?parent=565"}],"curies":[{"name":"wp","href":"https:\/\/api.w.org\/{rel}","templated":true}]}}