{"id":580,"date":"2022-02-18T16:20:29","date_gmt":"2022-02-18T16:20:29","guid":{"rendered":"https:\/\/mtlprojects.es\/configuracio-de-cookies\/"},"modified":"2022-02-18T16:28:47","modified_gmt":"2022-02-18T16:28:47","slug":"configuracio-de-cookies","status":"publish","type":"page","link":"https:\/\/mtlprojects.es\/ca\/configuracio-de-cookies\/","title":{"rendered":"Configuraci\u00f3 de cookies"},"content":{"rendered":"<div class=\"fusion-fullwidth fullwidth-box fusion-builder-row-1 fusion-flex-container nonhundred-percent-fullwidth non-hundred-percent-height-scrolling\" style=\"--awb-border-radius-top-left:0px;--awb-border-radius-top-right:0px;--awb-border-radius-bottom-right:0px;--awb-border-radius-bottom-left:0px;--awb-flex-wrap:wrap;\" ><div class=\"fusion-builder-row fusion-row fusion-flex-align-items-flex-start fusion-flex-content-wrap\" style=\"max-width:1248px;margin-left: calc(-4% \/ 2 );margin-right: calc(-4% \/ 2 );\"><div class=\"fusion-layout-column fusion_builder_column fusion-builder-column-0 fusion_builder_column_1_1 1_1 fusion-flex-column\" style=\"--awb-bg-size:cover;--awb-width-large:100%;--awb-margin-top-large:0px;--awb-spacing-right-large:1.92%;--awb-margin-bottom-large:20px;--awb-spacing-left-large:1.92%;--awb-width-medium:100%;--awb-order-medium:0;--awb-spacing-right-medium:1.92%;--awb-spacing-left-medium:1.92%;--awb-width-small:100%;--awb-order-small:0;--awb-spacing-right-small:1.92%;--awb-spacing-left-small:1.92%;\"><div class=\"fusion-column-wrapper fusion-column-has-shadow fusion-flex-justify-content-flex-start fusion-content-layout-column\"><div class=\"fusion-text fusion-text-1\" style=\"--awb-text-transform:none;\"><h1>CONFIGURACI\u00d3 DE COOKIES<\/h1>\n<p>En acceptar les cookies del nostre &#8220;av\u00eds de cookies&#8221; que apareix a la primera capa, estar\u00e0 consentint l&#8217;\u00fas de les Cookies en les condicions contingudes en la present Pol\u00edtica de Cookies. METALART, SCCL proporciona acc\u00e9s a aquesta Pol\u00edtica de Cookies al moment del registre amb l&#8217;objectiu que l&#8217;usuari estigui informat, i sense perjudici que aquest pugui exercir el seu dret a bloquejar, eliminar i rebutjar l&#8217;\u00fas de Cookies en tot moment.<\/p>\n<p>At\u00e8s que les Cookies no s\u00f3n necess\u00e0ries per a l&#8217;\u00fas d&#8217;aquest Lloc Web, es poden bloquejar o deshabilitar activant la configuraci\u00f3 del navegador, que permet rebutjar la instal\u00b7laci\u00f3 de totes les cookies o d&#8217;algunes d&#8217;elles. La pr\u00e0ctica majoria dels navegadors permeten advertir de la pres\u00e8ncia de Cookies o rebutjar-les autom\u00e0ticament. Si es rebutgen, es podr\u00e0 seguir usant el Lloc web, encara que l&#8217;\u00fas d&#8217;alguns dels seus serveis podr\u00e0 ser limitat i per tant l&#8217;experi\u00e8ncia ser\u00e0 menys satisfact\u00f2ria.<\/p>\n<p>A continuaci\u00f3, s&#8217;indiquen els enlla\u00e7os dels principals navegadors i dispositius perqu\u00e8 es pugui disposar de tota la informaci\u00f3 per consultar com gestionar les cookies a cada navegador:<\/p>\n<p><strong>Internet Explorer\u2122:<\/strong> <a href=\"https:\/\/support.microsoft.com\/es-es\/topic\/eliminar-y-administrar-cookies-168dab11-0753-043d-7c16-ede5947fc64d\" target=\"_blank\" rel=\"noopener\">https:\/\/support.microsoft.com\/es-es\/topic\/eliminar-y-administrar-cookies-168dab11-0753-043d-7c16-ede5947fc64d<\/a><br \/>\n<strong>Microsoft Edge\u2122:<\/strong> <a href=\"https:\/\/support.microsoft.com\/es-es\/windows\/microsoft-edge-datos-de-exploraci%C3%B3n-y-privacidad-bb8174ba-9d73-dcf2-9b4a-c582b4e640dd\" target=\"_blank\" rel=\"noopener\">https:\/\/support.microsoft.com\/es-es\/windows\/microsoft-edge-datos-de-exploraci%C3%B3n-y-privacidad-bb8174ba-9d73-dcf2-9b4a-c582b4e640dd<\/a><br \/>\n<strong>Safari\u2122:<\/strong> <a href=\"https:\/\/support.apple.com\/kb\/ph17191?locale=es_ES\" target=\"_blank\" rel=\"noopener\">https:\/\/support.apple.com\/kb\/ph17191?locale=es_ES<\/a><br \/>\n<strong>Safari\u2122 para IOS (iPhone, iPad o iPod touch):<\/strong> <a href=\"https:\/\/support.apple.com\/es-es\/HT201265\" target=\"_blank\" rel=\"noopener\">https:\/\/support.apple.com\/es-es\/HT201265<\/a><br \/>\n<strong>Chrome\u2122:<\/strong> <a href=\"https:\/\/support.google.com\/chrome\/answer\/95647?hl=es&amp;hlrm=en\" target=\"_blank\" rel=\"noopener\">https:\/\/support.google.com\/chrome\/answer\/95647?hl=es&amp;hlrm=en<\/a><br \/>\n<strong>Firefox\u2122:<\/strong> <a href=\"http:\/\/support.mozilla.org\/es\/kb\/cookies-informacion-que-los-sitios-web-guardan-en-?redirectlocale=en-US&amp;redirectslug=Cookies\" target=\"_blank\" rel=\"noopener\">http:\/\/support.mozilla.org\/es\/kb\/cookies-informacion-que-los-sitios-web-guardan-en-?redirectlocale=en-US&amp;redirectslug=Cookies<\/a><br \/>\n<strong>Opera\u2122 :<\/strong> <a href=\"https:\/\/www.opera.com\/help\/tutorials\/security\/privacy\/\" target=\"_blank\" rel=\"noopener\">https:\/\/www.opera.com\/help\/tutorials\/security\/privacy\/<\/a><br \/>\n<strong>Android:<\/strong> <a href=\"http:\/\/support.google.com\/android\/?hl=es\" target=\"_blank\" rel=\"noopener\">http:\/\/support.google.com\/android\/?hl=es<\/a><br \/>\n<strong>Windows Phone:<\/strong> <a href=\"http:\/\/www.windowsphone.com\/es-ES\/how-to\/wp7\/web\/changing-privacy-and-other-browser-settings\" target=\"_blank\" rel=\"noopener\">http:\/\/www.windowsphone.com\/es-ES\/how-to\/wp7\/web\/changing-privacy-and-other-browser-settings<\/a><\/p>\n<p>Per a informaci\u00f3 addicional sobre com configurar les Cookies detallada per prove\u00efdor o administrar les prefer\u00e8ncies, es pot visitar el portal Your Online Choices.<\/p>\n<p><a href=\"https:\/\/www.youronlinechoices.com\/es\/preferencias\/\" target=\"_blank\" rel=\"noopener\">https:\/\/www.youronlinechoices.com\/es\/preferencias\/<\/a><\/p>\n<\/div><\/div><\/div><\/div><\/div>\n","protected":false},"excerpt":{"rendered":"","protected":false},"author":1,"featured_media":0,"parent":0,"menu_order":0,"comment_status":"closed","ping_status":"closed","template":"","meta":{"footnotes":""},"class_list":["post-580","page","type-page","status-publish","hentry"],"aioseo_notices":[],"_links":{"self":[{"href":"https:\/\/mtlprojects.es\/ca\/wp-json\/wp\/v2\/pages\/580","targetHints":{"allow":["GET"]}}],"collection":[{"href":"https:\/\/mtlprojects.es\/ca\/wp-json\/wp\/v2\/pages"}],"about":[{"href":"https:\/\/mtlprojects.es\/ca\/wp-json\/wp\/v2\/types\/page"}],"author":[{"embeddable":true,"href":"https:\/\/mtlprojects.es\/ca\/wp-json\/wp\/v2\/users\/1"}],"replies":[{"embeddable":true,"href":"https:\/\/mtlprojects.es\/ca\/wp-json\/wp\/v2\/comments?post=580"}],"version-history":[{"count":0,"href":"https:\/\/mtlprojects.es\/ca\/wp-json\/wp\/v2\/pages\/580\/revisions"}],"wp:attachment":[{"href":"https:\/\/mtlprojects.es\/ca\/wp-json\/wp\/v2\/media?parent=580"}],"curies":[{"name":"wp","href":"https:\/\/api.w.org\/{rel}","templated":true}]}}